{"id":674,"date":"2019-07-20T14:47:09","date_gmt":"2019-07-20T14:47:09","guid":{"rendered":"http:\/\/manninkyla.net\/?page_id=674"},"modified":"2026-04-28T16:02:13","modified_gmt":"2026-04-28T16:02:13","slug":"vuokrausehdot","status":"publish","type":"page","link":"https:\/\/manninkyla.net\/?page_id=674","title":{"rendered":"Tapahtumat"},"content":{"rendered":"<p>Tapahtumat 2026:<\/p>\n<ul>\n<li>To 23.4.2026 klo 16 alkaen rannan ja kyl\u00e4talon siivoustalkoot<\/li>\n<li>20.-26.4.2026 Ymp\u00e4rist\u00f6nsiivoustalkoot &#8211; J\u00e4tes\u00e4kkej\u00e4 ilmoitustauluilla. Palautus my\u00f6s ilmoitustauluille.<\/li>\n<li>Mannin viesti jaetaan kev\u00e4\u00e4n aikana toiminta-alueelle.<\/li>\n<li>J\u00e4senmaksun er\u00e4p\u00e4iv\u00e4 31.5.2026 (tilisiirtolomake Mannin viestin v\u00e4liss\u00e4 tai katso maksutiedot J\u00e4senyys-sivulta)<\/li>\n<li>\n<p>Koko perheen kes\u00e4retki tehd\u00e4\u00e4n PowerParkiin su 14.6.2026! \u2600\ufe0f<br \/>Matkan hinta: Aikuiset 35 \u20ac, lapset 30\u20ac. Hintaan sis\u00e4ltyy bussikuljetus Mannista PowerParkiin ja takaisin, sek\u00e4 pient\u00e4 v\u00e4lipalaa matkalla. Sitovat ilmoittautumiset <br \/>P\u00e4ivi Rytk\u00f6selle puh. 040 722 5395<br \/>tai Marita Riihim\u00e4ki 040 745 6438. <br \/>Matka vahvistuu kun on maksu on maksettu Mannin Asukasyhdistyksen tilille viimeist\u00e4\u00e4n 17.5.2026 menness\u00e4 tilille: <br \/>FI 46 4722 0010 0189 59, laita viestiksi kaikkien osallistujien nimet!<\/p>\n<p>\ud83c\udf9f Huvipuistoliput ja rannekkeet jokainen hankkii itse \u2013 ne voi ostaa ennakkoon PowerParkin verkkokaupasta tai suoraan portilta.<br \/>Tutustu lippuihin ja hintoihin t\u00e4\u00e4ll\u00e4:<br \/>\ud83d\udc49 <br \/>powerpark.fi<br \/>Yhteystiedot:<br \/>PowerPark<br \/>PowerParkintie 3, 62300 Alah\u00e4rm\u00e4<br \/>\ud83d\udcde Vaihde: +358 10 3477 600<br \/>\ud83c\udf10 <br \/>powerpark.fi<\/p>\n<\/li>\n<li>Yleiset saunavuorot j\u00e4senille (sis\u00e4ltyy j\u00e4senmaksuun) 30.5.-8.8.2026 klo 15 &#8211; 18, l\u00e4mmitys talkoilla. 9.8.2026 l\u00e4htien saunat l\u00e4mpi\u00e4v\u00e4t lauantaisin samaan aikaan niin kauan kuin kelit sallivat. Saunomisesta perit\u00e4\u00e4n aikuisilta erillinen saunamaksu, joka on 5 \u20ac\/kerta. Edellytt\u00e4en, ett\u00e4 l\u00e4mmitt\u00e4j\u00e4 l\u00f6ytyy.<\/li>\n<li>Juhannuksena 19.-21.6.2026 saunat l\u00e4mpi\u00e4v\u00e4t klo 15-18.\u00a0<\/li>\n<li>\n<p data-olk-copy-source=\"MessageBody\">Yl\u00f6j\u00e4rven kaupunki j\u00e4rjest\u00e4\u00e4 Mannin rannassa lapsille uimakoulua 6.-10.7.2026 klo 13-15, ensin alkeet, sitten jatkoryhm\u00e4. Ilmoittautuminen alkaa 13.4.2026 klo 10.00 alkaen. Ryhmiin otetaan mukaan ilmoittautumisj\u00e4rjestyksess\u00e4. <span style=\"font-size: 16px;\"> Tarkemmat tiedot<span style=\"color: inherit; font-size: 1.1em;\">\u00a0<a href=\"https:\/\/www.ylojarvi.fi\/uimakoulut\/\">https:\/\/www.ylojarvi.fi\/uimakoulut\/<\/a><\/span> \u00a0 \u00a0<\/span><span style=\"font-size: 16px;\">\u00a0 \u00a0 \u00a0 \u00a0 \u00a0 \u00a0 \u00a0 \u00a0 \u00a0 \u00a0 \u00a0 \u00a0 \u00a0 \u00a0 \u00a0\u00a0<\/span><\/p>\n<\/li>\n<li>\n<p data-olk-copy-source=\"MessageBody\"><span style=\"font-size: 16px;\">Elojuhlat la 22.8.2026 klo 15 alkaen. Teemana Mannin asukasyhdistys ry 40 vuotta. Ohjelmassa: arpajaiset, buffetkioski, saunat l\u00e4mpi\u00e4v\u00e4 klo 17-20. Elvis-show illalla!\u00a0 \u00a0<\/span><\/p>\n<\/li>\n<\/ul>\n<p>Tapahtumista ilmoitetaan nettisivujen lis\u00e4ksi alueen ilmoitustauluilla ja Facebookissa Manni-ryhm\u00e4ss\u00e4mme.<\/p>\n<p>Mannin asukasyhdistys tekee tiivist\u00e4 yhteisty\u00f6t\u00e4 Vanhempainyhdistys Onnin kanssa. Vanhempainyhdistys Onni toimii Onnimannin p\u00e4iv\u00e4kodilla. Onni j\u00e4rjest\u00e4\u00e4 my\u00f6s monenlaista toimintaa ja yhdistyksen tapahtumia voit seurata Onnin Facebook sivuilta.<\/p>\n\n\n<p><\/p>\n","protected":false},"excerpt":{"rendered":"<p>Tapahtumat 2026: To 23.4.2026 klo 16 alkaen rannan ja kyl\u00e4talon siivoustalkoot 20.-26.4.2026 Ymp\u00e4rist\u00f6nsiivoustalkoot &#8211; J\u00e4tes\u00e4kkej\u00e4 ilmoitustauluilla. Palautus my\u00f6s ilmoitustauluille. Mannin viesti jaetaan kev\u00e4\u00e4n aikana toiminta-alueelle. J\u00e4senmaksun er\u00e4p\u00e4iv\u00e4 31.5.2026 (tilisiirtolomake Mannin viestin v\u00e4liss\u00e4 tai katso maksutiedot J\u00e4senyys-sivulta) Koko perheen kes\u00e4retki tehd\u00e4\u00e4n PowerParkiin su 14.6.2026! \u2600\ufe0fMatkan hinta: Aikuiset 35 \u20ac, lapset 30\u20ac. Hintaan sis\u00e4ltyy bussikuljetus Mannista PowerParkiin [&hellip;]<\/p>\n","protected":false},"author":1,"featured_media":0,"parent":0,"menu_order":0,"comment_status":"closed","ping_status":"closed","template":"","meta":{"ngg_post_thumbnail":0,"footnotes":""},"class_list":["post-674","page","type-page","status-publish","hentry"],"_links":{"self":[{"href":"https:\/\/manninkyla.net\/index.php?rest_route=\/wp\/v2\/pages\/674","targetHints":{"allow":["GET"]}}],"collection":[{"href":"https:\/\/manninkyla.net\/index.php?rest_route=\/wp\/v2\/pages"}],"about":[{"href":"https:\/\/manninkyla.net\/index.php?rest_route=\/wp\/v2\/types\/page"}],"author":[{"embeddable":true,"href":"https:\/\/manninkyla.net\/index.php?rest_route=\/wp\/v2\/users\/1"}],"replies":[{"embeddable":true,"href":"https:\/\/manninkyla.net\/index.php?rest_route=%2Fwp%2Fv2%2Fcomments&post=674"}],"version-history":[{"count":50,"href":"https:\/\/manninkyla.net\/index.php?rest_route=\/wp\/v2\/pages\/674\/revisions"}],"predecessor-version":[{"id":1221,"href":"https:\/\/manninkyla.net\/index.php?rest_route=\/wp\/v2\/pages\/674\/revisions\/1221"}],"wp:attachment":[{"href":"https:\/\/manninkyla.net\/index.php?rest_route=%2Fwp%2Fv2%2Fmedia&parent=674"}],"curies":[{"name":"wp","href":"https:\/\/api.w.org\/{rel}","templated":true}]}}