{"id":671,"date":"2019-07-20T14:23:35","date_gmt":"2019-07-20T14:23:35","guid":{"rendered":"http:\/\/manninkyla.net\/?page_id=671"},"modified":"2026-03-11T09:16:56","modified_gmt":"2026-03-11T09:16:56","slug":"jasenyys","status":"publish","type":"page","link":"https:\/\/manninkyla.net\/?page_id=671","title":{"rendered":"J\u00e4senyys"},"content":{"rendered":"<p>Asukasyhdistyksen j\u00e4seneksi liittyminen on helppoa. Maksamalla j\u00e4senmaksun olet j\u00e4sen. J\u00e4senmaksun voit maksaa yhdistyksen tilille FI46 4722 0010 0189 59. Laita maksun viestiksi j\u00e4senmaksu ja nimi (esim. j\u00e4senmaksu\/ M\u00f6tt\u00f6nen).<\/p>\n<p>J\u00e4senmaksu 2026: 20\u20ac henkil\u00f6\/vuosi ja perheelt\u00e4 50\u20ac\/vuodessa, oli perhe mink\u00e4 kokoinen tahansa<\/p>\n<p>Ns. kannatusj\u00e4seneksi voit liitty\u00e4 vaikka asuisitkin muualla. J\u00e4senmaksu ja j\u00e4senedut ovat samat.<\/p>\n<p>Yhdistyksen tapahtumat painottuvat kes\u00e4aikaan ja Mannin rantaan. Tapahtumista ilmoitetaan Mannin ilmoitustauluilla, Facebookissa (Manni-ryhm\u00e4 ja Mannin asukasyhdistys ry-ryhm\u00e4) ja t\u00e4\u00e4ll\u00e4 nettisivuillamme.<\/p>\n","protected":false},"excerpt":{"rendered":"<p>Asukasyhdistyksen j\u00e4seneksi liittyminen on helppoa. Maksamalla j\u00e4senmaksun olet j\u00e4sen. J\u00e4senmaksun voit maksaa yhdistyksen tilille FI46 4722 0010 0189 59. Laita maksun viestiksi j\u00e4senmaksu ja nimi (esim. j\u00e4senmaksu\/ M\u00f6tt\u00f6nen). J\u00e4senmaksu 2026: 20\u20ac henkil\u00f6\/vuosi ja perheelt\u00e4 50\u20ac\/vuodessa, oli perhe mink\u00e4 kokoinen tahansa Ns. kannatusj\u00e4seneksi voit liitty\u00e4 vaikka asuisitkin muualla. J\u00e4senmaksu ja j\u00e4senedut ovat samat. Yhdistyksen tapahtumat painottuvat [&hellip;]<\/p>\n","protected":false},"author":1,"featured_media":0,"parent":0,"menu_order":0,"comment_status":"closed","ping_status":"closed","template":"","meta":{"ngg_post_thumbnail":0,"footnotes":""},"class_list":["post-671","page","type-page","status-publish","hentry"],"_links":{"self":[{"href":"https:\/\/manninkyla.net\/index.php?rest_route=\/wp\/v2\/pages\/671","targetHints":{"allow":["GET"]}}],"collection":[{"href":"https:\/\/manninkyla.net\/index.php?rest_route=\/wp\/v2\/pages"}],"about":[{"href":"https:\/\/manninkyla.net\/index.php?rest_route=\/wp\/v2\/types\/page"}],"author":[{"embeddable":true,"href":"https:\/\/manninkyla.net\/index.php?rest_route=\/wp\/v2\/users\/1"}],"replies":[{"embeddable":true,"href":"https:\/\/manninkyla.net\/index.php?rest_route=%2Fwp%2Fv2%2Fcomments&post=671"}],"version-history":[{"count":16,"href":"https:\/\/manninkyla.net\/index.php?rest_route=\/wp\/v2\/pages\/671\/revisions"}],"predecessor-version":[{"id":1197,"href":"https:\/\/manninkyla.net\/index.php?rest_route=\/wp\/v2\/pages\/671\/revisions\/1197"}],"wp:attachment":[{"href":"https:\/\/manninkyla.net\/index.php?rest_route=%2Fwp%2Fv2%2Fmedia&parent=671"}],"curies":[{"name":"wp","href":"https:\/\/api.w.org\/{rel}","templated":true}]}}