{"id":626,"date":"2019-03-31T21:31:39","date_gmt":"2019-03-31T21:31:39","guid":{"rendered":"http:\/\/manninkyla.net\/?page_id=626"},"modified":"2021-05-24T16:38:10","modified_gmt":"2021-05-24T16:38:10","slug":"vanhoja-asiakirjoja","status":"publish","type":"page","link":"https:\/\/manninkyla.net\/?page_id=626","title":{"rendered":"Yhdistyksen asiakirjoja 2005-2021"},"content":{"rendered":"<ul>\n<li><a href=\"http:\/\/manninkyla.net\/wp\/wp-content\/uploads\/2021\/05\/Asukasyhdistyksen-saannot-2021.pdf\">Asukasyhdistyksen s\u00e4\u00e4nn\u00f6t 2021<\/a><\/li>\n<li><\/li>\n<li><a href=\"http:\/\/www.manninkyla.net\/pk\/Mannin%20ay%20hallitus%20pk%202_2017.pdf\" target=\"_blank\" rel=\"noopener noreferrer\">Mannin ay hallitus pk 2 2017.pdf<\/a><\/li>\n<li><a href=\"http:\/\/www.manninkyla.net\/pk\/Mannin%20ay%20hallitus%20pk%201_2017.pdf\" target=\"_blank\" rel=\"noopener noreferrer\">Mannin ay hallitus pk 1 2017.pdf<\/a><\/li>\n<li><a href=\"http:\/\/www.manninkyla.net\/pk\/Vuosikokous_pk_2017.pdf\" target=\"_blank\" rel=\"noopener noreferrer\">Vuosikokous pk 2017.pdf<\/a><\/li>\n<li><a href=\"http:\/\/manninkyla.net\/pk\/Toimintakertomus%202016.pdf\" target=\"_blank\" rel=\"noopener noreferrer\" data-wplink-edit=\"true\">Toimintakertomus 2016.pdf<\/a><\/li>\n<li><\/li>\n<li><a href=\"http:\/\/www.manninkyla.net\/pk\/Mannin%20ay%20hallitus%20pk%201_2016.pdf\" target=\"_blank\" rel=\"noopener noreferrer\">Mannin ay hallitus pk 1 2016.pdf<\/a><\/li>\n<li><a href=\"http:\/\/www.manninkyla.net\/pk\/Mannin%20ay%20hallitus%20pk%202_2016.pdf\" target=\"_blank\" rel=\"noopener noreferrer\">Mannin ay hallitus pk 2 2016.pdf<\/a><\/li>\n<li><a href=\"http:\/\/www.manninkyla.net\/pk\/Mannin%20ay%20hallitus%20pk%203_2016.pdf\" target=\"_blank\" rel=\"noopener noreferrer\">Mannin ay hallitus pk 3 2016.pdf<\/a><\/li>\n<li><a href=\"http:\/\/www.manninkyla.net\/pk\/Mannin%20ay%20hallitus%20pk%204_2016.pdf\" target=\"_blank\" rel=\"noopener noreferrer\">Mannin ay hallitus pk 4 2016.pdf<\/a><\/li>\n<li><a href=\"http:\/\/www.manninkyla.net\/pk\/Vuosikokous_pk_2016.pdf\" target=\"_blank\" rel=\"noopener noreferrer\">Vuosikokous pk 2016.pdf<\/a><\/li>\n<li><a href=\"http:\/\/manninkyla.net\/pk\/Toimintakertomus%202015.pdf\" target=\"_blank\" rel=\"noopener noreferrer\">Toimintakertomus 2015.pdf<\/a><\/li>\n<li><\/li>\n<li><a style=\"line-height: 1.5;\" href=\"http:\/\/www.manninkyla.net\/pk\/Mannin%20ay%20hallitus%20pk%201_2015.pdf\" target=\"_blank\" rel=\"noopener noreferrer\">Mannin ay hallitus pk 1 2015.pdf<\/a><\/li>\n<li><a href=\"http:\/\/www.manninkyla.net\/pk\/Mannin%20ay%20hallitus%20pk%202_2015.pdf\" target=\"_blank\" rel=\"noopener noreferrer\">Mannin ay hallitus pk 2 2015.pdf<\/a><\/li>\n<li><a href=\"http:\/\/www.manninkyla.net\/pk\/Mannin%20ay%20hallitus%20pk%203_2015.pdf\" target=\"_blank\" rel=\"noopener noreferrer\">Mannin ay hallitus pk 3 2015.pdf<\/a><\/li>\n<li><a href=\"http:\/\/www.manninkyla.net\/pk\/Mannin%20ay%20hallitus%20pk%204_2015.pdf\" target=\"_blank\" rel=\"noopener noreferrer\">Mannin ay hallitus pk 4 2015.pdf<\/a><\/li>\n<li><a href=\"http:\/\/www.manninkyla.net\/pk\/Vuosikokous_pk_2015.pdf\" target=\"_blank\" rel=\"noopener noreferrer\">Vuosikokous pk 2015.pdf<\/a><\/li>\n<li><a href=\"http:\/\/manninkyla.net\/pk\/Toimintakertomus%202014.pdf\" target=\"_blank\" rel=\"noopener noreferrer\">Toimintakertomus 2014.pdf<\/a><\/li>\n<li><\/li>\n<li><a href=\"http:\/\/www.manninkyla.net\/pk\/Mannin%20oky%20hallitus%20pk%201_2014.pdf\" target=\"_blank\" rel=\"noopener noreferrer\">Mannin oky hallitus pk 1_2014.pdf<\/a><\/li>\n<li><a href=\"http:\/\/www.manninkyla.net\/pk\/Mannin%20ay%20hallitus%20pk%202_2014.pdf\" target=\"_blank\" rel=\"noopener noreferrer\">Mannin ay hallitus pk 2_2014.pdf<\/a><\/li>\n<li><a href=\"http:\/\/www.manninkyla.net\/pk\/Mannin%20ay%20hallitus%20pk%203_2014.pdf\" target=\"_blank\" rel=\"noopener noreferrer\">Mannin ay hallitus pk 3_2014.pdf<\/a><\/li>\n<li><a href=\"http:\/\/www.manninkyla.net\/pk\/Mannin%20ay%20hallitus%20pk%204_2014.pdf\">Mannin ay hallitus pk 4_2014.pdf<\/a><\/li>\n<li><a href=\"http:\/\/www.manninkyla.net\/pk\/Mannin%20ay%20hallitus%20pk%205_2014.pdf\" target=\"_blank\" rel=\"noopener noreferrer\">Mannin ay hallitus pk 5_2014.pdf<\/a><\/li>\n<li><a href=\"http:\/\/www.manninkyla.net\/pk\/Vuosikokous_pk_2014.pdf\" target=\"_blank\" rel=\"noopener noreferrer\">Vuosikokous_pk_2014.pdf&nbsp;&nbsp; <\/a><a href=\"http:\/\/www.manninkyla.net\/pk\/soranottoa.pdf\" target=\"_blank\" rel=\"noopener noreferrer\">&#8211; soranotosta.pdf<\/a><\/li>\n<li><a href=\"http:\/\/manninkyla.net\/pk\/Toimintakertomus%202013.pdf\" target=\"_blank\" rel=\"noopener noreferrer\">Toimintakertomus 2013.pdf<\/a><\/li>\n<li><\/li>\n<li><a href=\"http:\/\/www.manninkyla.net\/pk\/Mannin%20oky%20hallitus%20pk%201_2013.pdf\" target=\"_blank\" rel=\"noopener noreferrer\">Mannin oky hallitus pk 1_2013.pdf<\/a><\/li>\n<li><a href=\"http:\/\/www.manninkyla.net\/pk\/Mannin%20oky%20hallitus%20pk%202_2013.pdf\" target=\"_blank\" rel=\"noopener noreferrer\">Mannin oky hallitus pk 2_2013.pdf<\/a><\/li>\n<li><a href=\"http:\/\/www.manninkyla.net\/pk\/Mannin%20oky%20hallitus%20pk%203_2013.pdf\" target=\"_blank\" rel=\"noopener noreferrer\">Mannin oky hallitus pk 3_2013.pdf<\/a><\/li>\n<li><a href=\"http:\/\/www.manninkyla.net\/pk\/Mannin%20oky%20hallitus%20pk%204_2013.pdf\" target=\"_blank\" rel=\"noopener noreferrer\">Mannin oky hallitus pk 4_2013.pdf<\/a><\/li>\n<li><a href=\"http:\/\/www.manninkyla.net\/pk\/Mannin%20oky%20hallitus%20pk%205_2013.pdf\" target=\"_blank\" rel=\"noopener noreferrer\">Mannin oky hallitus pk 5_2013.pdf<\/a><\/li>\n<li><a href=\"http:\/\/www.manninkyla.net\/pk\/Mannin%20oky%20hallitus%20pk%206_2013.pdf\" target=\"_blank\" rel=\"noopener noreferrer\">Mannin oky hallitus pk 6_2013.pdf<\/a><\/li>\n<li><a href=\"http:\/\/www.manninkyla.net\/pk\/Vuosikokous_pk_2013.pdf\" target=\"_blank\" rel=\"noopener noreferrer\">Vuosikokous_pk_2013.pdf<\/a><\/li>\n<li><a href=\"http:\/\/www.manninkyla.net\/pk\/Toimintakertomus%202012.pdf\" target=\"_blank\" rel=\"noopener noreferrer\">Toimintakertomus 2012.pdf<\/a><\/li>\n<li><\/li>\n<li><a href=\"http:\/\/www.manninkyla.net\/pk\/Mannin%20oky%20hallitus%20pk%201_2012.pdf\">Mannin oky hallitus pk 1_2012.pdf<\/a><\/li>\n<li><a href=\"http:\/\/www.manninkyla.net\/pk\/Mannin%20oky%20hallitus%20pk%202_2012.pdf\">Mannin oky hallitus pk 2_2012.pdf<\/a><\/li>\n<li><a href=\"http:\/\/www.manninkyla.net\/pk\/Mannin oky hallitus pk 3_2012.pdf\">Mannin oky hallitus pk 3_2012.pdf <\/a><\/li>\n<li><a href=\"http:\/\/www.manninkyla.net\/pk\/Mannin%20oky%20hallitus%20pk%204_2012.pdf\">Mannin oky hallitus pk 4_2012.pdf<\/a><\/li>\n<li><a href=\"http:\/\/www.manninkyla.net\/pk\/Vuosikokous_pk_2012.pdf\" target=\"_blank\" rel=\"noopener noreferrer\">Vuosikokous_pk_2012.pdf<\/a><\/li>\n<li><a href=\"http:\/\/manninkyla.net\/pk\/Toimintakertomus%202011.pdf\" target=\"_blank\" rel=\"noopener noreferrer\">Toimintakertomus 2011.pdf<\/a><\/li>\n<li><\/li>\n<li><a href=\"http:\/\/www.manninkyla.net\/pk\/Mannin%20oky%20hallitus%20pk%201_2011.pdf\" target=\"_blank\" rel=\"noopener noreferrer\">Mannin oky hallitus pk 1_2011.pdf<\/a><\/li>\n<li><a href=\"http:\/\/www.manninkyla.net\/pk\/Mannin%20oky%20hallitus%20pk%202_2011.pdf\">Mannin oky hallitus pk 2_2011.pdf<\/a><\/li>\n<li><a href=\"http:\/\/www.manninkyla.net\/pk\/Mannin%20oky%20hallitus%20pk%203_2011.pdf\" target=\"_blank\" rel=\"noopener noreferrer\">Mannin oky hallitus pk 3_2011.pdf<\/a><\/li>\n<li><a href=\"http:\/\/www.manninkyla.net\/pk\/Mannin%20oky%20hallitus%20pk%205_2011.pdf\">Mannin oky hallitus pk 5_2011.pdf<\/a><\/li>\n<li><a href=\"http:\/\/www.manninkyla.net\/pk\/Mannin%20oky%20hallitus%20pk%206_2011.pdf\">Mannin oky hallitus pk 6_2011.pdf<\/a><\/li>\n<li><a href=\"http:\/\/www.manninkyla.net\/pk\/Mannin%20oky%20hallitus%20pk%207_2011.pdf\">Mannin oky hallitus pk 7_2011.pdf<\/a><\/li>\n<li><a href=\"http:\/\/www.manninkyla.net\/pk\/Mannin%20oky%20hallitus%20pk%208_2011.pdf\">Mannin oky hallitus pk 8_2011.pdf<\/a><\/li>\n<li><a href=\"http:\/\/www.manninkyla.net\/pk\/Vuosikokous_pk_2011.pdf\" target=\"_blank\" rel=\"noopener noreferrer\">Vuosikokous_pk_2011.pdf<\/a><\/li>\n<li><a href=\"http:\/\/manninkyla.net\/pk\/Toimintakertomus%202010.pdf\" target=\"_blank\" rel=\"noopener noreferrer\">Toimintakertomus 2010.pdf<\/a><\/li>\n<li><\/li>\n<li><a href=\"http:\/\/www.manninkyla.net\/pk\/Vuosikokous_pk_2010.pdf\" target=\"_blank\" rel=\"noopener noreferrer\">Vuosikokous_pk_2010.pdf<\/a><\/li>\n<li><a href=\"http:\/\/manninkyla.net\/pk\/Toimintakertomus%202009.pdf\" target=\"_blank\" rel=\"noopener noreferrer\">Toimintakertomus 2009.pdf<\/a><\/li>\n<li><\/li>\n<li><a href=\"http:\/\/manninkyla.net\/pk\/Toimintakertomus%202005.pdf\" target=\"_blank\" rel=\"noopener noreferrer\">Toimintakertomus 2005.pdf<\/a><\/li>\n<li><\/li>\n<li><a href=\"http:\/\/www.manninkyla.net\/pk\/Perustamiskokous.pdf\">Perustamiskokous.pdf<\/a><\/li>\n<\/ul>\n","protected":false},"excerpt":{"rendered":"<p>Asukasyhdistyksen s\u00e4\u00e4nn\u00f6t 2021 Mannin ay hallitus pk 2 2017.pdf Mannin ay hallitus pk 1 2017.pdf Vuosikokous pk 2017.pdf Toimintakertomus 2016.pdf Mannin ay hallitus pk 1 2016.pdf Mannin ay hallitus pk 2 2016.pdf Mannin ay hallitus pk 3 2016.pdf Mannin ay hallitus pk 4 2016.pdf Vuosikokous pk 2016.pdf Toimintakertomus 2015.pdf Mannin ay hallitus pk 1 2015.pdf [&hellip;]<\/p>\n","protected":false},"author":1,"featured_media":0,"parent":0,"menu_order":0,"comment_status":"closed","ping_status":"closed","template":"","meta":{"ngg_post_thumbnail":0,"footnotes":""},"class_list":["post-626","page","type-page","status-publish","hentry"],"_links":{"self":[{"href":"https:\/\/manninkyla.net\/index.php?rest_route=\/wp\/v2\/pages\/626","targetHints":{"allow":["GET"]}}],"collection":[{"href":"https:\/\/manninkyla.net\/index.php?rest_route=\/wp\/v2\/pages"}],"about":[{"href":"https:\/\/manninkyla.net\/index.php?rest_route=\/wp\/v2\/types\/page"}],"author":[{"embeddable":true,"href":"https:\/\/manninkyla.net\/index.php?rest_route=\/wp\/v2\/users\/1"}],"replies":[{"embeddable":true,"href":"https:\/\/manninkyla.net\/index.php?rest_route=%2Fwp%2Fv2%2Fcomments&post=626"}],"version-history":[{"count":10,"href":"https:\/\/manninkyla.net\/index.php?rest_route=\/wp\/v2\/pages\/626\/revisions"}],"predecessor-version":[{"id":887,"href":"https:\/\/manninkyla.net\/index.php?rest_route=\/wp\/v2\/pages\/626\/revisions\/887"}],"wp:attachment":[{"href":"https:\/\/manninkyla.net\/index.php?rest_route=%2Fwp%2Fv2%2Fmedia&parent=626"}],"curies":[{"name":"wp","href":"https:\/\/api.w.org\/{rel}","templated":true}]}}