{"id":589,"date":"2019-03-31T19:46:43","date_gmt":"2019-03-31T19:46:43","guid":{"rendered":"http:\/\/manninkyla.net\/?page_id=589"},"modified":"2026-04-29T06:08:14","modified_gmt":"2026-04-29T06:08:14","slug":"paijala-2","status":"publish","type":"page","link":"https:\/\/manninkyla.net\/?page_id=589","title":{"rendered":"Mannin kyl\u00e4talo ja saunat"},"content":{"rendered":"<p><strong>Mannin kyl\u00e4talo ja saunat<\/strong> sijaitsevat Kyr\u00f6sj\u00e4rven rannalla, osoitteessa Paijalantie 84, 39200 Kyr\u00f6skoski. Ranta tunnetaan yleens\u00e4 nimill\u00e4 Paijalan- tai Mannin ranta, joka on Yl\u00f6j\u00e4rven kaupungin omistuksessa ja yll\u00e4pidossa. Ranta on lapsiyst\u00e4v\u00e4llinen, matala hiekkapohjainen ja syvenee pikku hiljaa. Rannassa on kaupungin yll\u00e4pit\u00e4m\u00e4 laituri ja nuotiopaikka (huom! puut itselt\u00e4). Rannan l\u00e4heisyydess\u00e4 ovat yhdistyksen kaksi rantasauna rakennusta, Mannin kyl\u00e4talo ja puuliiteri. Kyl\u00e4talolta avautuu kauniit n\u00e4kym\u00e4t laajalti Kyr\u00f6sj\u00e4rvelle.\u00a0<\/p>\n<p>Mannin kyl\u00e4talo (Paijala) on vanha, kaksikerroksinen, viihtyis\u00e4 kes\u00e4huvila, jota on hiljattain peruskorjattu (ulkovuori, katto ja ikkunat). Kyl\u00e4talolle on esteet\u00f6n kulku. Sis\u00e4\u00e4nk\u00e4ynnin edess\u00e4 on katettu tilava terassi. Alakerrassa sijaitsee eteinen, keitti\u00f6, tupa ja lasiveranta. Yl\u00e4kerrasta l\u00f6ytyy kolme makuuhuonetta ja aulatila, josta avautuu hulppeat Kyr\u00f6sj\u00e4rvi maisemat. Makuuhuoneissa on s\u00e4ngyt viidelle henkil\u00f6lle ja patjalla y\u00f6pyy kaksi henkil\u00f6\u00e4. Omat liinavaatteet mukaan.<\/p>\n<p>Varustelu:<\/p>\n<ul>\n<li>kiertoilmatakka ja ilmal\u00e4mp\u00f6pumppu<\/li>\n<li>s\u00e4hk\u00f6liesi<\/li>\n<li>j\u00e4\u00e4kaappi-pakastin<\/li>\n<li>mikroaaltouuni<\/li>\n<li>kahvinkeitin, vedenkeitin<\/li>\n<li>perus astiasto, kattila, paistinpannu<\/li>\n<li>kaasugrilli<\/li>\n<\/ul>\n<p>Sis\u00e4lle tulee juokseva vesi (suodatettu j\u00e4rvivesi eli EI-juomakelpoinen). Tuothan siis juomaveden tullessasi. Ulkona on puucee joka on kaupungin hoidossa. Puuliiterin puut ovat asukasyhdistyksen, joilla vuokralainen voi l\u00e4mmitt\u00e4\u00e4 takkaa ja saunaa. Lis\u00e4ksi yleisten saunavuorojen l\u00e4mmityspuut otetaan liiterist\u00e4.\u00a0<\/p>\n<p>Vuokraustiedustelut yhdistyksen puhelinnumerosta\u00a0<strong>0400 268 411<\/strong>.\u00a0<\/p>\n<p><strong>Tekemist\u00e4 lomallesi: <\/strong>Rannassa on grillipaikka ja lasten leikkialue, jossa on keinut. Aivan rannan tuntumassa on kaupungin yll\u00e4pit\u00e4m\u00e4 beach volley kentt\u00e4. Yhdistys vuokraa my\u00f6s SUP-lautaa hintaan 1h\/ 8\u20ac, 2h\/15 \u20ac, p\u00e4iv\u00e4vuokra 20 \u20ac.\u00a0<\/p>\n<p><a href=\"http:\/\/manninkyla.net\/wp\/wp-content\/uploads\/2023\/04\/Mannin-kylatalo-scaled.jpg\"><img loading=\"lazy\" decoding=\"async\" class=\"aligncenter wp-image-1015 size-large\" src=\"http:\/\/manninkyla.net\/wp\/wp-content\/uploads\/2023\/04\/Mannin-kylatalo-1024x684.jpg\" alt=\"\" width=\"640\" height=\"428\" srcset=\"https:\/\/manninkyla.net\/wp\/wp-content\/uploads\/2023\/04\/Mannin-kylatalo-1024x684.jpg 1024w, https:\/\/manninkyla.net\/wp\/wp-content\/uploads\/2023\/04\/Mannin-kylatalo-300x200.jpg 300w, https:\/\/manninkyla.net\/wp\/wp-content\/uploads\/2023\/04\/Mannin-kylatalo-768x513.jpg 768w, https:\/\/manninkyla.net\/wp\/wp-content\/uploads\/2023\/04\/Mannin-kylatalo-1536x1026.jpg 1536w, https:\/\/manninkyla.net\/wp\/wp-content\/uploads\/2023\/04\/Mannin-kylatalo-2048x1367.jpg 2048w\" sizes=\"auto, (max-width: 640px) 100vw, 640px\" \/><\/a><\/p>\n<p><a href=\"http:\/\/manninkyla.net\/wp\/wp-content\/uploads\/2023\/04\/lenttiskentta.jpg\"><img loading=\"lazy\" decoding=\"async\" class=\"aligncenter wp-image-1016 size-large\" src=\"http:\/\/manninkyla.net\/wp\/wp-content\/uploads\/2023\/04\/lenttiskentta-1024x768.jpg\" alt=\"\" width=\"640\" height=\"480\" srcset=\"https:\/\/manninkyla.net\/wp\/wp-content\/uploads\/2023\/04\/lenttiskentta-1024x768.jpg 1024w, https:\/\/manninkyla.net\/wp\/wp-content\/uploads\/2023\/04\/lenttiskentta-300x225.jpg 300w, https:\/\/manninkyla.net\/wp\/wp-content\/uploads\/2023\/04\/lenttiskentta-768x576.jpg 768w, https:\/\/manninkyla.net\/wp\/wp-content\/uploads\/2023\/04\/lenttiskentta-1536x1152.jpg 1536w, https:\/\/manninkyla.net\/wp\/wp-content\/uploads\/2023\/04\/lenttiskentta.jpg 1560w\" sizes=\"auto, (max-width: 640px) 100vw, 640px\" \/><\/a><\/p>\n<p><strong>Rantasaunoja<\/strong> on kaksi, puu- ja s\u00e4hk\u00f6sauna. Vesipadat l\u00e4mpenev\u00e4t puilla (puut sis\u00e4ltyv\u00e4t vuokraan) ja saunoista l\u00f6ytyy my\u00f6s ladattavat retkisuihkut. Mannin kyl\u00e4taloa ja saunoja voi vuokrata omiin tilaisuuksiinsa muulloin paitsi j\u00e4senten yleisten saunavuorojen aikana, la 15-18. Yleisill\u00e4 saunavuoroilla keltainen saunarakennus eli puusauna toimii miesten saunana ja ruskea saunarakennus (s\u00e4hk\u00f6kiukaalla) toimii naisten saunana. Kyl\u00e4talon kanssa vuokrataan puusaunaa.<\/p>\n<p>Huom! Saunoja ei vuokrata toistaiseksi 29.4.2026 alkaen maalaust\u00f6iden vuoksi.\u00a0<\/p>\n<div id=\"attachment_819\" style=\"width: 1062px\" class=\"wp-caption alignleft\"><a href=\"http:\/\/manninkyla.net\/wp\/wp-content\/uploads\/2021\/05\/15saunat.jpg\"><img loading=\"lazy\" decoding=\"async\" aria-describedby=\"caption-attachment-819\" class=\"wp-image-819 size-full\" src=\"http:\/\/manninkyla.net\/wp\/wp-content\/uploads\/2021\/05\/15saunat.jpg\" alt=\"\" width=\"1052\" height=\"598\" srcset=\"https:\/\/manninkyla.net\/wp\/wp-content\/uploads\/2021\/05\/15saunat.jpg 1052w, https:\/\/manninkyla.net\/wp\/wp-content\/uploads\/2021\/05\/15saunat-300x171.jpg 300w, https:\/\/manninkyla.net\/wp\/wp-content\/uploads\/2021\/05\/15saunat-1024x582.jpg 1024w, https:\/\/manninkyla.net\/wp\/wp-content\/uploads\/2021\/05\/15saunat-768x437.jpg 768w\" sizes=\"auto, (max-width: 1052px) 100vw, 1052px\" \/><\/a><p id=\"caption-attachment-819\" class=\"wp-caption-text\">Miesten sauna<\/p><\/div>\n<p>\u00a0<\/p>\n<div id=\"attachment_826\" style=\"width: 1010px\" class=\"wp-caption alignleft\"><a href=\"http:\/\/manninkyla.net\/wp\/wp-content\/uploads\/2021\/05\/22naisten-sauna2.jpg\"><img loading=\"lazy\" decoding=\"async\" aria-describedby=\"caption-attachment-826\" class=\"wp-image-826 size-full\" src=\"http:\/\/manninkyla.net\/wp\/wp-content\/uploads\/2021\/05\/22naisten-sauna2.jpg\" alt=\"\" width=\"1000\" height=\"750\" srcset=\"https:\/\/manninkyla.net\/wp\/wp-content\/uploads\/2021\/05\/22naisten-sauna2.jpg 1000w, https:\/\/manninkyla.net\/wp\/wp-content\/uploads\/2021\/05\/22naisten-sauna2-300x225.jpg 300w, https:\/\/manninkyla.net\/wp\/wp-content\/uploads\/2021\/05\/22naisten-sauna2-768x576.jpg 768w\" sizes=\"auto, (max-width: 1000px) 100vw, 1000px\" \/><\/a><p id=\"caption-attachment-826\" class=\"wp-caption-text\">Naisten sauna<\/p><\/div>\n\n\n<p><\/p>\n\n\n\n<p><strong>Tiesitk\u00f6<\/strong>, ett\u00e4 Mannin rannassa on my\u00f6s kaupungin yll\u00e4pit\u00e4m\u00e4 veneranta (60 numeroitua soutuvenepaikkaa) ja veneiden laskupaikka. Lis\u00e4tiedot vuokrauksesta l\u00f6ytyv\u00e4t Yl\u00f6j\u00e4rven kaupungin sivuilta. <\/p>\n","protected":false},"excerpt":{"rendered":"<p>Mannin kyl\u00e4talo ja saunat sijaitsevat Kyr\u00f6sj\u00e4rven rannalla, osoitteessa Paijalantie 84, 39200 Kyr\u00f6skoski. Ranta tunnetaan yleens\u00e4 nimill\u00e4 Paijalan- tai Mannin ranta, joka on Yl\u00f6j\u00e4rven kaupungin omistuksessa ja yll\u00e4pidossa. Ranta on lapsiyst\u00e4v\u00e4llinen, matala hiekkapohjainen ja syvenee pikku hiljaa. Rannassa on kaupungin yll\u00e4pit\u00e4m\u00e4 laituri ja nuotiopaikka (huom! puut itselt\u00e4). Rannan l\u00e4heisyydess\u00e4 ovat yhdistyksen kaksi rantasauna rakennusta, Mannin kyl\u00e4talo [&hellip;]<\/p>\n","protected":false},"author":1,"featured_media":0,"parent":0,"menu_order":0,"comment_status":"closed","ping_status":"closed","template":"","meta":{"ngg_post_thumbnail":0,"footnotes":""},"class_list":["post-589","page","type-page","status-publish","hentry"],"_links":{"self":[{"href":"https:\/\/manninkyla.net\/index.php?rest_route=\/wp\/v2\/pages\/589","targetHints":{"allow":["GET"]}}],"collection":[{"href":"https:\/\/manninkyla.net\/index.php?rest_route=\/wp\/v2\/pages"}],"about":[{"href":"https:\/\/manninkyla.net\/index.php?rest_route=\/wp\/v2\/types\/page"}],"author":[{"embeddable":true,"href":"https:\/\/manninkyla.net\/index.php?rest_route=\/wp\/v2\/users\/1"}],"replies":[{"embeddable":true,"href":"https:\/\/manninkyla.net\/index.php?rest_route=%2Fwp%2Fv2%2Fcomments&post=589"}],"version-history":[{"count":40,"href":"https:\/\/manninkyla.net\/index.php?rest_route=\/wp\/v2\/pages\/589\/revisions"}],"predecessor-version":[{"id":1222,"href":"https:\/\/manninkyla.net\/index.php?rest_route=\/wp\/v2\/pages\/589\/revisions\/1222"}],"wp:attachment":[{"href":"https:\/\/manninkyla.net\/index.php?rest_route=%2Fwp%2Fv2%2Fmedia&parent=589"}],"curies":[{"name":"wp","href":"https:\/\/api.w.org\/{rel}","templated":true}]}}