{"id":553,"date":"2018-05-03T18:29:14","date_gmt":"2018-05-03T18:29:14","guid":{"rendered":"http:\/\/manninkyla.net\/?page_id=553"},"modified":"2026-04-28T16:00:46","modified_gmt":"2026-04-28T16:00:46","slug":"talkoot","status":"publish","type":"page","link":"https:\/\/manninkyla.net\/?page_id=553","title":{"rendered":"Talkoot"},"content":{"rendered":"<p>Pienen\u00e4 yhdistyksen\u00e4 toivomme teid\u00e4n osallistuvan etuk\u00e4teen ilmoitettuihin talkoisiin. Panoksesi on t\u00e4rke\u00e4 ja merkityksellinen, jotta alueemme ranta ja rakennukset pysyv\u00e4t kunnossa, ovat toimivia ja viihtyisi\u00e4.<\/p>\n<p>Talkooty\u00f6t ovat useimmiten puuhommia sek\u00e4 rannan ja ymp\u00e4rist\u00f6n siistimist\u00e4.<\/p>\n<p>Talkoita varten on perustettu erillinen talkooryhm\u00e4 WhatsAppiin, jonka yll\u00e4pit\u00e4j\u00e4 on Pasi Kangassalo. T\u00e4h\u00e4n talkooryhm\u00e4\u00e4n voit ilmoittautua Pasille puh. <strong>040 5578276<\/strong>. T\u00e4ss\u00e4 ryhm\u00e4ss\u00e4 ilmoitetaan kaikista talkoista vuoden varrella ja v\u00e4h\u00e4n muutakin asiaa.<\/p>\n<p>Saunoille tulossa sis\u00e4pintojen maalaus, yksi sauna kerrallaan. Sit\u00e4 ennen saunojen perusteellinen pesu. Ajankohta aikaisintaan toukokuun 2026 alussa. T\u00e4st\u00e4 ilmoitetaan my\u00f6hemmin.<\/p>\n<p>\u00a0<\/p>\n<p>S\u00e4hk\u00f6saunan maalausty\u00f6t alkavat 29.4.2026 klo 8 alkaen. Talkoolaisia kaivataan.\u00a0<\/p>\n<div id=\"attachment_1014\" style=\"width: 650px\" class=\"wp-caption alignleft\"><a href=\"http:\/\/manninkyla.net\/wp\/wp-content\/uploads\/2023\/04\/talkookuva.jpg\"><img loading=\"lazy\" decoding=\"async\" aria-describedby=\"caption-attachment-1014\" class=\"wp-image-1014 size-large\" src=\"http:\/\/manninkyla.net\/wp\/wp-content\/uploads\/2023\/04\/talkookuva-1024x768.jpg\" alt=\"\" width=\"640\" height=\"480\" srcset=\"https:\/\/manninkyla.net\/wp\/wp-content\/uploads\/2023\/04\/talkookuva-1024x768.jpg 1024w, https:\/\/manninkyla.net\/wp\/wp-content\/uploads\/2023\/04\/talkookuva-300x225.jpg 300w, https:\/\/manninkyla.net\/wp\/wp-content\/uploads\/2023\/04\/talkookuva-768x576.jpg 768w, https:\/\/manninkyla.net\/wp\/wp-content\/uploads\/2023\/04\/talkookuva-1536x1152.jpg 1536w, https:\/\/manninkyla.net\/wp\/wp-content\/uploads\/2023\/04\/talkookuva.jpg 2048w\" sizes=\"auto, (max-width: 640px) 100vw, 640px\" \/><\/a><p id=\"caption-attachment-1014\" class=\"wp-caption-text\">Terassin rakennusta 2022<\/p><\/div>\n<div id=\"attachment_539\" style=\"width: 586px\" class=\"wp-caption aligncenter\"><a href=\"http:\/\/manninkyla.net\/wp\/wp-content\/uploads\/2018\/05\/talkoo.jpg\"><img loading=\"lazy\" decoding=\"async\" aria-describedby=\"caption-attachment-539\" class=\"wp-image-539 size-full\" src=\"http:\/\/manninkyla.net\/wp\/wp-content\/uploads\/2018\/05\/talkoo.jpg\" alt=\"\" width=\"576\" height=\"768\" srcset=\"https:\/\/manninkyla.net\/wp\/wp-content\/uploads\/2018\/05\/talkoo.jpg 576w, https:\/\/manninkyla.net\/wp\/wp-content\/uploads\/2018\/05\/talkoo-225x300.jpg 225w\" sizes=\"auto, (max-width: 576px) 100vw, 576px\" \/><\/a><p id=\"caption-attachment-539\" class=\"wp-caption-text\">Matonpesupaikan talkoot 2017<\/p><\/div>\n\n\n<p><\/p>\n","protected":false},"excerpt":{"rendered":"<p>Pienen\u00e4 yhdistyksen\u00e4 toivomme teid\u00e4n osallistuvan etuk\u00e4teen ilmoitettuihin talkoisiin. Panoksesi on t\u00e4rke\u00e4 ja merkityksellinen, jotta alueemme ranta ja rakennukset pysyv\u00e4t kunnossa, ovat toimivia ja viihtyisi\u00e4. Talkooty\u00f6t ovat useimmiten puuhommia sek\u00e4 rannan ja ymp\u00e4rist\u00f6n siistimist\u00e4. Talkoita varten on perustettu erillinen talkooryhm\u00e4 WhatsAppiin, jonka yll\u00e4pit\u00e4j\u00e4 on Pasi Kangassalo. T\u00e4h\u00e4n talkooryhm\u00e4\u00e4n voit ilmoittautua Pasille puh. 040 5578276. T\u00e4ss\u00e4 ryhm\u00e4ss\u00e4 [&hellip;]<\/p>\n","protected":false},"author":1,"featured_media":0,"parent":0,"menu_order":0,"comment_status":"closed","ping_status":"closed","template":"","meta":{"ngg_post_thumbnail":0,"footnotes":""},"class_list":["post-553","page","type-page","status-publish","hentry"],"_links":{"self":[{"href":"https:\/\/manninkyla.net\/index.php?rest_route=\/wp\/v2\/pages\/553","targetHints":{"allow":["GET"]}}],"collection":[{"href":"https:\/\/manninkyla.net\/index.php?rest_route=\/wp\/v2\/pages"}],"about":[{"href":"https:\/\/manninkyla.net\/index.php?rest_route=\/wp\/v2\/types\/page"}],"author":[{"embeddable":true,"href":"https:\/\/manninkyla.net\/index.php?rest_route=\/wp\/v2\/users\/1"}],"replies":[{"embeddable":true,"href":"https:\/\/manninkyla.net\/index.php?rest_route=%2Fwp%2Fv2%2Fcomments&post=553"}],"version-history":[{"count":27,"href":"https:\/\/manninkyla.net\/index.php?rest_route=\/wp\/v2\/pages\/553\/revisions"}],"predecessor-version":[{"id":1219,"href":"https:\/\/manninkyla.net\/index.php?rest_route=\/wp\/v2\/pages\/553\/revisions\/1219"}],"wp:attachment":[{"href":"https:\/\/manninkyla.net\/index.php?rest_route=%2Fwp%2Fv2%2Fmedia&parent=553"}],"curies":[{"name":"wp","href":"https:\/\/api.w.org\/{rel}","templated":true}]}}