{"id":34,"date":"2015-02-23T11:18:21","date_gmt":"2015-02-23T11:18:21","guid":{"rendered":"http:\/\/manninkyla.net\/wp\/?page_id=34"},"modified":"2023-04-09T18:49:09","modified_gmt":"2023-04-09T18:49:09","slug":"etusivu","status":"publish","type":"page","link":"https:\/\/manninkyla.net\/","title":{"rendered":"ETUSIVU"},"content":{"rendered":"<p class=\"style21\">Kyr\u00f6skosken Manni. Kosken ja tehtaan tuntumaan aikanaan rakennettu ty\u00f6ntekij\u00f6iden asuinalue.<\/p>\n<p class=\"style21\">Paijalan eli Mannin hiekkaranta oli entisaikaankin suosittu kokoontumispaikka kes\u00e4isin.<\/p>\n<p class=\"style21\">Nykyp\u00e4iv\u00e4n\u00e4 kyl\u00e4 on kasvanut: Vanha Manni, Uusi Manni, Vilpee, Litukka, Litukanrinne ja S\u00e4rk\u00e4nm\u00e4ki, kainalossaan Kyr\u00f6skosken Suurlava. Lava tuhoutui tulipalossa 17.4.2012.<\/p>\n<p class=\"style21\">Pirkan ura halkoo kyl\u00e4\u00e4 ja tuo tuhansia ohikulkijoita upeisiin harjumaisemiin. Korkealta kelpaa katsella Kyr\u00f6sj\u00e4rven sel\u00e4lle ja kauemmaksikin.<\/p>\n<p><a href=\"http:\/\/manninkyla.net\/wp\/wp-content\/uploads\/2023\/04\/Mannin-ranta-2-scaled.jpg\"><img loading=\"lazy\" decoding=\"async\" class=\"aligncenter size-large wp-image-1013\" src=\"http:\/\/manninkyla.net\/wp\/wp-content\/uploads\/2023\/04\/Mannin-ranta-2-1024x768.jpg\" alt=\"\" width=\"640\" height=\"480\" srcset=\"https:\/\/manninkyla.net\/wp\/wp-content\/uploads\/2023\/04\/Mannin-ranta-2-1024x768.jpg 1024w, https:\/\/manninkyla.net\/wp\/wp-content\/uploads\/2023\/04\/Mannin-ranta-2-300x225.jpg 300w, https:\/\/manninkyla.net\/wp\/wp-content\/uploads\/2023\/04\/Mannin-ranta-2-768x576.jpg 768w, https:\/\/manninkyla.net\/wp\/wp-content\/uploads\/2023\/04\/Mannin-ranta-2-1536x1152.jpg 1536w, https:\/\/manninkyla.net\/wp\/wp-content\/uploads\/2023\/04\/Mannin-ranta-2-2048x1536.jpg 2048w\" sizes=\"auto, (max-width: 640px) 100vw, 640px\" \/><\/a><br \/>\n<a href=\"http:\/\/manninkyla.net\/wp\/wp-content\/uploads\/2018\/05\/IMG_3931.jpg\"><img loading=\"lazy\" decoding=\"async\" class=\"aligncenter size-full wp-image-541\" src=\"http:\/\/manninkyla.net\/wp\/wp-content\/uploads\/2018\/05\/IMG_3931.jpg\" alt=\"\" width=\"640\" height=\"640\" srcset=\"https:\/\/manninkyla.net\/wp\/wp-content\/uploads\/2018\/05\/IMG_3931.jpg 640w, https:\/\/manninkyla.net\/wp\/wp-content\/uploads\/2018\/05\/IMG_3931-150x150.jpg 150w, https:\/\/manninkyla.net\/wp\/wp-content\/uploads\/2018\/05\/IMG_3931-300x300.jpg 300w\" sizes=\"auto, (max-width: 640px) 100vw, 640px\" \/><\/a><\/p>\n<table style=\"height: 347px;\" width=\"530\">\n<tbody>\n<tr>\n<td width=\"322\">&nbsp;<\/td>\n<td width=\"299\">&nbsp;&nbsp;&nbsp;<\/p>\n<p>&nbsp;<\/td>\n<\/tr>\n<\/tbody>\n<\/table>\n<p class=\"style21\">&nbsp;<\/p>\n","protected":false},"excerpt":{"rendered":"<p>Kyr\u00f6skosken Manni. Kosken ja tehtaan tuntumaan aikanaan rakennettu ty\u00f6ntekij\u00f6iden asuinalue. Paijalan eli Mannin hiekkaranta oli entisaikaankin suosittu kokoontumispaikka kes\u00e4isin. Nykyp\u00e4iv\u00e4n\u00e4 kyl\u00e4 on kasvanut: Vanha Manni, Uusi Manni, Vilpee, Litukka, Litukanrinne ja S\u00e4rk\u00e4nm\u00e4ki, kainalossaan Kyr\u00f6skosken Suurlava. Lava tuhoutui tulipalossa 17.4.2012. Pirkan ura halkoo kyl\u00e4\u00e4 ja tuo tuhansia ohikulkijoita upeisiin harjumaisemiin. Korkealta kelpaa katsella Kyr\u00f6sj\u00e4rven sel\u00e4lle ja [&hellip;]<\/p>\n","protected":false},"author":1,"featured_media":0,"parent":0,"menu_order":0,"comment_status":"closed","ping_status":"closed","template":"","meta":{"ngg_post_thumbnail":0,"footnotes":""},"class_list":["post-34","page","type-page","status-publish","hentry"],"_links":{"self":[{"href":"https:\/\/manninkyla.net\/index.php?rest_route=\/wp\/v2\/pages\/34","targetHints":{"allow":["GET"]}}],"collection":[{"href":"https:\/\/manninkyla.net\/index.php?rest_route=\/wp\/v2\/pages"}],"about":[{"href":"https:\/\/manninkyla.net\/index.php?rest_route=\/wp\/v2\/types\/page"}],"author":[{"embeddable":true,"href":"https:\/\/manninkyla.net\/index.php?rest_route=\/wp\/v2\/users\/1"}],"replies":[{"embeddable":true,"href":"https:\/\/manninkyla.net\/index.php?rest_route=%2Fwp%2Fv2%2Fcomments&post=34"}],"version-history":[{"count":46,"href":"https:\/\/manninkyla.net\/index.php?rest_route=\/wp\/v2\/pages\/34\/revisions"}],"predecessor-version":[{"id":1028,"href":"https:\/\/manninkyla.net\/index.php?rest_route=\/wp\/v2\/pages\/34\/revisions\/1028"}],"wp:attachment":[{"href":"https:\/\/manninkyla.net\/index.php?rest_route=%2Fwp%2Fv2%2Fmedia&parent=34"}],"curies":[{"name":"wp","href":"https:\/\/api.w.org\/{rel}","templated":true}]}}