{"id":31,"date":"2015-02-23T11:10:56","date_gmt":"2015-02-23T11:10:56","guid":{"rendered":"http:\/\/manninkyla.net\/wp\/?page_id=31"},"modified":"2026-03-11T09:16:05","modified_gmt":"2026-03-11T09:16:05","slug":"paijala","status":"publish","type":"page","link":"http:\/\/manninkyla.net\/?page_id=31","title":{"rendered":"Hinnasto\/ varauskalenteri\/ vuokrausohjeet"},"content":{"rendered":"<p style=\"text-align: left;\">Kyl\u00e4talon ja saunojen vuokravaraukset tehd\u00e4\u00e4n soittamalla yhdistyksen puhelinnumeroon <strong>0400 268 411<\/strong>. Varaustilanteen voit katsoa sivun alareunan kalenterista. Mannin kyl\u00e4talo ja sauna-otsikon alta l\u00f6yd\u00e4t vuokrattavissa olevista kiinteist\u00f6ist\u00e4 lis\u00e4\u00e4 tietoa.\u00a0<em>Mik\u00e4li varauspuhelin ei heti vastaa, j\u00e4\u00e4 odottamaan takaisinsoittoa tai soita hieman my\u00f6hemmin uudelleen. Mik\u00e4li asiasi on kiireellinen, voit olla kehen tahansa hallituksen j\u00e4seneen yhteydess\u00e4. Hallituksen j\u00e4senten yhteystiedot l\u00f6yd\u00e4t asukasyhdistys-v\u00e4lilehdelt\u00e4.<\/em><\/p>\n<p>Vuokra maksetaan etuk\u00e4teen yhdistyksen tilille <strong>FI46 4722 0010 0189 59<\/strong>. Saajaksi Mannin asukasyhdistys ja viestiin vuokra-aika ja kiinteist\u00f6 (t) mik\u00e4 vuokrattu sek\u00e4 vuokraajan nimi. Maksua vastaan luovutamme varatun vuokraoikeuden.<\/p>\n<p>Avaimia noudettaessa vuokraaja ja vuokranantaja toteavat yhdess\u00e4 tilojen siisteyden ja sopivat muista k\u00e4yt\u00e4nn\u00f6n j\u00e4rjestelyist\u00e4. Vuokrauksen j\u00e4lkeen tilojen tulee olla samassa kunnossa kuin vuokrattaessa. Mik\u00e4li n\u00e4m\u00e4 ehdot eiv\u00e4t t\u00e4yty, perimme erillisen siivousmaksun. Kiinteist\u00f6jen avainten luovutus sovitaan varauksen yhteydess\u00e4. Takan p\u00e4\u00e4ll\u00e4 on talokansio, jossa on s\u00e4\u00e4nn\u00f6t, k\u00e4ytt\u00f6ohjeita ja pelastussuunnitelma. Toivomme, ett\u00e4 tutustutte talokansioon vuokrauksen alkaessa.<\/p>\n<p>Kyl\u00e4talon ja saunojen vuokrauskausi on 1.4.-31.11.2026. Pe-su kyl\u00e4taloa vuokrataan v\u00e4hint\u00e4\u00e4n vuorokaudeksi. Ma-to on mahdollista tehd\u00e4 alle 12h vuokrauksia. Saunoja vuokrataan yksityiseen k\u00e4ytt\u00f6\u00f6n tuntihinnalla. Jos sauna ei ole valmiiksi l\u00e4mmitetty, l\u00e4mmitystunti on maksuton.\u00a0<\/p>\n<table style=\"height: 240px;\" width=\"918\">\n<tbody>\n<tr>\n<td width=\"244\"><strong>Hinnasto 1.4.-31.11.2026<\/strong><\/td>\n<td width=\"134\"><strong>J\u00e4senet<\/strong><\/td>\n<td width=\"79\"><strong>Muut<\/strong><\/td>\n<td rowspan=\"5\" width=\"445\"><a href=\"http:\/\/manninkyla.net\/wp\/wp-content\/uploads\/2018\/05\/IMG_3931.jpg\"><img loading=\"lazy\" decoding=\"async\" class=\"alignnone size-medium wp-image-541\" src=\"http:\/\/manninkyla.net\/wp\/wp-content\/uploads\/2018\/05\/IMG_3931-300x300.jpg\" alt=\"\" width=\"300\" height=\"300\" srcset=\"http:\/\/manninkyla.net\/wp\/wp-content\/uploads\/2018\/05\/IMG_3931-300x300.jpg 300w, http:\/\/manninkyla.net\/wp\/wp-content\/uploads\/2018\/05\/IMG_3931-150x150.jpg 150w, http:\/\/manninkyla.net\/wp\/wp-content\/uploads\/2018\/05\/IMG_3931.jpg 640w\" sizes=\"auto, (max-width: 300px) 100vw, 300px\" \/><\/a><\/td>\n<\/tr>\n<tr>\n<td width=\"244\">Mannin kyl\u00e4talo (ma-to), alle 12h<\/td>\n<td width=\"134\">60\u20ac<\/td>\n<td width=\"79\">90\u20ac<\/td>\n<\/tr>\n<tr>\n<td width=\"244\">Mannin kyl\u00e4talo, vrk + puusauna 4 h<\/td>\n<td width=\"134\">120\u20ac<\/td>\n<td width=\"79\">180\u20ac<\/td>\n<\/tr>\n<tr>\n<td width=\"244\">Saunat\/tunti<\/td>\n<td width=\"134\">25 \u20ac<\/td>\n<td width=\"79\">40 \u20ac<\/td>\n<\/tr>\n<tr>\n<td width=\"244\">Saunat\/tunti\/ yli 6. hengen ryhm\u00e4t<\/td>\n<td width=\"134\">35\u20ac<\/td>\n<td width=\"79\">50 \u20ac\u00a0<\/td>\n<\/tr>\n<tr>\n<td width=\"244\">Pidempi vuokrausaika sovittavissa erikseen.<\/td>\n<td width=\"134\">\u00a0<\/td>\n<td width=\"79\">\u00a0<\/td>\n<\/tr>\n<tr>\n<td width=\"244\">SUP-lauta 8 \u20ac\/1h, 15 \u20ac\/ 2h, 20 \u20ac\/ p\u00e4iv\u00e4vuokra<\/td>\n<\/tr>\n<\/tbody>\n<\/table>\n<p>Vasemman reunan sinisist\u00e4 nuolista p\u00e4\u00e4set liikkumaan kalenterissa eteen\/ taaksep\u00e4in.<\/p>\n<p><iframe loading=\"lazy\" style=\"border-width: 0;\" src=\"https:\/\/calendar.google.com\/calendar\/embed?title=Varauskalenteri%20%28Saunat%20%2B%20Paijala%29&amp;mode=WEEK&amp;height=600&amp;wkst=2&amp;bgcolor=%23FFFFFF&amp;src=manninkiinteistot%40gmail.com&amp;color=%23711616&amp;src=6igvlq2umabv6tvenriuuebcj8%40group.calendar.google.com&amp;color=%23182C57&amp;src=nfkg07k5njbl2rm54bj1jtfs3c%40group.calendar.google.com&amp;color=%2342104A&amp;src=e_2_fi%23weeknum%40group.v.calendar.google.com&amp;color=%2329527A&amp;ctz=Europe%2FHelsinki\" width=\"800\" height=\"600\" frameborder=\"0\" scrolling=\"no\"><\/iframe><\/p>\n\n\n<p><\/p>\n","protected":false},"excerpt":{"rendered":"<p>Kyl\u00e4talon ja saunojen vuokravaraukset tehd\u00e4\u00e4n soittamalla yhdistyksen puhelinnumeroon 0400 268 411. Varaustilanteen voit katsoa sivun alareunan kalenterista. Mannin kyl\u00e4talo ja sauna-otsikon alta l\u00f6yd\u00e4t vuokrattavissa olevista kiinteist\u00f6ist\u00e4 lis\u00e4\u00e4 tietoa.\u00a0Mik\u00e4li varauspuhelin ei heti vastaa, j\u00e4\u00e4 odottamaan takaisinsoittoa tai soita hieman my\u00f6hemmin uudelleen. Mik\u00e4li asiasi on kiireellinen, voit olla kehen tahansa hallituksen j\u00e4seneen yhteydess\u00e4. Hallituksen j\u00e4senten yhteystiedot l\u00f6yd\u00e4t [&hellip;]<\/p>\n","protected":false},"author":1,"featured_media":0,"parent":0,"menu_order":0,"comment_status":"closed","ping_status":"closed","template":"","meta":{"ngg_post_thumbnail":0,"footnotes":""},"class_list":["post-31","page","type-page","status-publish","hentry"],"_links":{"self":[{"href":"http:\/\/manninkyla.net\/index.php?rest_route=\/wp\/v2\/pages\/31","targetHints":{"allow":["GET"]}}],"collection":[{"href":"http:\/\/manninkyla.net\/index.php?rest_route=\/wp\/v2\/pages"}],"about":[{"href":"http:\/\/manninkyla.net\/index.php?rest_route=\/wp\/v2\/types\/page"}],"author":[{"embeddable":true,"href":"http:\/\/manninkyla.net\/index.php?rest_route=\/wp\/v2\/users\/1"}],"replies":[{"embeddable":true,"href":"http:\/\/manninkyla.net\/index.php?rest_route=%2Fwp%2Fv2%2Fcomments&post=31"}],"version-history":[{"count":144,"href":"http:\/\/manninkyla.net\/index.php?rest_route=\/wp\/v2\/pages\/31\/revisions"}],"predecessor-version":[{"id":1196,"href":"http:\/\/manninkyla.net\/index.php?rest_route=\/wp\/v2\/pages\/31\/revisions\/1196"}],"wp:attachment":[{"href":"http:\/\/manninkyla.net\/index.php?rest_route=%2Fwp%2Fv2%2Fmedia&parent=31"}],"curies":[{"name":"wp","href":"https:\/\/api.w.org\/{rel}","templated":true}]}}